{"id":24,"date":"2014-07-04T20:36:36","date_gmt":"2014-07-04T20:36:36","guid":{"rendered":"https:\/\/c3.usac.edu.gt\/odontologia.usac.edu.gt\/public_html\/?page_id=24"},"modified":"2023-09-27T08:56:25","modified_gmt":"2023-09-27T14:56:25","slug":"quienes-somos","status":"publish","type":"page","link":"https:\/\/odontologia.usac.edu.gt\/?page_id=24","title":{"rendered":"\u00bfQui\u00e9nes somos?"},"content":{"rendered":"\n<p>La Facultad de Odontolog\u00eda de la Universidad de San Carlos de Guatemala es la Unidad Acad\u00e9mica que tiene a su cargo la formaci\u00f3n de profesionales de la Estomatolog\u00eda que a nivel de pre grado son graduados, acreditados y certificados con el t\u00edtulo de CIRUJANO DENTISTA en el grado de LICENCIADO.<\/p>\n","protected":false},"excerpt":{"rendered":"<p>La Facultad de Odontolog\u00eda de la Universidad de San Carlos de Guatemala es la Unidad Acad\u00e9mica que tiene a su cargo la formaci\u00f3n de profesionales de la Estomatolog\u00eda que a nivel de pre grado son graduados, acreditados y certificados con el t\u00edtulo de CIRUJANO DENTISTA en el grado de LICENCIADO.<\/p>\n","protected":false},"author":2,"featured_media":0,"parent":0,"menu_order":1,"comment_status":"open","ping_status":"open","template":"","meta":{"footnotes":""},"_links":{"self":[{"href":"https:\/\/odontologia.usac.edu.gt\/index.php?rest_route=\/wp\/v2\/pages\/24"}],"collection":[{"href":"https:\/\/odontologia.usac.edu.gt\/index.php?rest_route=\/wp\/v2\/pages"}],"about":[{"href":"https:\/\/odontologia.usac.edu.gt\/index.php?rest_route=\/wp\/v2\/types\/page"}],"author":[{"embeddable":true,"href":"https:\/\/odontologia.usac.edu.gt\/index.php?rest_route=\/wp\/v2\/users\/2"}],"replies":[{"embeddable":true,"href":"https:\/\/odontologia.usac.edu.gt\/index.php?rest_route=%2Fwp%2Fv2%2Fcomments&post=24"}],"version-history":[{"count":7,"href":"https:\/\/odontologia.usac.edu.gt\/index.php?rest_route=\/wp\/v2\/pages\/24\/revisions"}],"predecessor-version":[{"id":524,"href":"https:\/\/odontologia.usac.edu.gt\/index.php?rest_route=\/wp\/v2\/pages\/24\/revisions\/524"}],"wp:attachment":[{"href":"https:\/\/odontologia.usac.edu.gt\/index.php?rest_route=%2Fwp%2Fv2%2Fmedia&parent=24"}],"curies":[{"name":"wp","href":"https:\/\/api.w.org\/{rel}","templated":true}]}}