{"id":396,"date":"2020-05-08T12:12:19","date_gmt":"2020-05-08T18:12:19","guid":{"rendered":"https:\/\/c3.usac.edu.gt\/odontologia.usac.edu.gt\/public_html\/?page_id=396"},"modified":"2020-05-11T12:36:59","modified_gmt":"2020-05-11T18:36:59","slug":"resultado-de-examenes-parciales-ciclo-2020","status":"publish","type":"page","link":"https:\/\/odontologia.usac.edu.gt\/?page_id=396","title":{"rendered":"Resultados de Ex\u00e1menes Parciales"},"content":{"rendered":"<ol>\nPRIMER A\u00d1O<\/ol>\n<ul>\n<a href=\"https:\/\/drive.google.com\/drive\/folders\/1uzNPEFJ5HgccU_xj6Yo8ebvVSX_CUA_o\" rel=\"noopener\" target=\"_blank\">Biolog\u00eda<\/a><br \/>\n<a href=\"https:\/\/drive.google.com\/drive\/folders\/1ponlgZrum4d5Xxoc-VyFkrCdVD-bmdE_\" rel=\"noopener\" target=\"_blank\">Qu\u00edmica<\/a><br \/>\n<a href=\"https:\/\/drive.google.com\/drive\/folders\/1hf608lgt1D62tQIIb83MKkw7RO-e7NvY\" rel=\"noopener\" target=\"_blank\">Histolog\u00eda General<\/a><br \/>\n<a href=\"https:\/\/drive.google.com\/drive\/folders\/1HJs_FGMohOnri7oaRNXrk5DEaXxpAa2K\" rel=\"noopener\" target=\"_blank\">Estad\u00edstica B\u00e1sica<\/a><br \/>\n<a href=\"https:\/\/drive.google.com\/drive\/folders\/1H1k_JUmsBI8qQbhy8dvl-KtfZmuKW7h7\" rel=\"noopener\" target=\"_blank\">F\u00edsica\/ Matem\u00e1tica<\/a><br \/>\n<a href=\"https:\/\/drive.google.com\/drive\/folders\/1QKlAGJHLR7fnAMwnGVJsOmf2PreulXzn\" rel=\"noopener\" target=\"_blank\">Anatom\u00eda Humana<\/a><br \/>\n<a href=\"https:\/\/drive.google.com\/drive\/folders\/13x5ZoSzhk2S-VMciYDG34ol3N6v8ikAw\" rel=\"noopener\" target=\"_blank\">Comunicaci\u00f3n y Redacci\u00f3n Cient\u00edfica<\/a><\/ul>\n<ol>\nSEGUNDO A\u00d1O<\/ol>\n<ul>\n<a href=\"https:\/\/drive.google.com\/drive\/folders\/183e-pe5JU-e6d-Xd0XwVDXs-fI5LPdTI\" rel=\"noopener\" target=\"_blank\">Morfolog\u00eda y Anatom\u00eda Dental<\/a><br \/>\n<a href=\"https:\/\/drive.google.com\/drive\/folders\/1hxeGSUBei0tlvh2j9CQw9gg5BU1ubsBN\" rel=\"noopener\" target=\"_blank\">Bioqu\u00edmica<\/a><br \/>\n<a href=\"https:\/\/drive.google.com\/drive\/folders\/1KIoZCnHErBb5TnR_4MXthylD5HCYYl3X\" rel=\"noopener\" target=\"_blank\">Bioestad\u00edstica<\/a><br \/>\n<a href=\"https:\/\/drive.google.com\/drive\/folders\/1PjepIhKTI_O007bwZe98H9wxYYsYEU7f\" rel=\"noopener\" target=\"_blank\">Materiales Dentales<\/a><br \/>\n<a href=\"https:\/\/drive.google.com\/drive\/folders\/1UHY7eiXLIN-FAS81Bh_6ijAClEbnt3Pw\" rel=\"noopener\" target=\"_blank\">\u00c9tica y Derechos Humanos<\/a><br \/>\n<a href=\"https:\/\/drive.google.com\/drive\/folders\/1xAMaiN50rqDA8S5X9xXnDq1eUtc4c74X\" rel=\"noopener\" target=\"_blank\">Microbiolog\u00eda General<\/a><br \/>\n<a href=\"https:\/\/drive.google.com\/drive\/folders\/1xBVGcYPQ7cID9sYfluTPg8TvmXpxzTGQ\" rel=\"noopener\" target=\"_blank\">Diagnostico I<\/a><br \/>\n<a href=\"https:\/\/drive.google.com\/drive\/folders\/1X-9QS9_bnCfWswkB-igj0CeISqdPQlbY\" rel=\"noopener\" target=\"_blank\">Fisiolog\u00eda Humana<\/a><\/ul>\n<ol>\nTERCER A\u00d1O<\/ol>\n<ul>\n<a href=\"https:\/\/drive.google.com\/drive\/folders\/11eMFzS4zE0RYVb-fwbm3wZwK8B_PPr0K\" rel=\"noopener\" target=\"_blank\">Patolog\u00eda I<\/a><br \/>\n<a href=\"https:\/\/drive.google.com\/drive\/folders\/1DT6t9lLVtYJ0aWFLEUlMx226aqnRezyV\" rel=\"noopener\" target=\"_blank\">Cirug\u00eda y Farmacolog\u00eda I<\/a><br \/>\n<a href=\"https:\/\/drive.google.com\/drive\/folders\/1IeBl-B3NKmbJsJq69M-dR2nM0EGODEZ6\" rel=\"noopener\" target=\"_blank\">Periodoncia I<\/a><br \/>\n<a href=\"https:\/\/drive.google.com\/drive\/folders\/16fbfqdO7FJ2A37VYiROXBJTgcHfKeo4n\" rel=\"noopener\" target=\"_blank\">Odontolog\u00eda Preventiva y Social I<\/a><br \/>\n<a href=\"https:\/\/drive.google.com\/drive\/folders\/1LpOrrQ7odcosXNBu3IdIffOsU-RmgadB\" rel=\"noopener\" target=\"_blank\">Operatoria Dental I<\/a><br \/>\n<a href=\"https:\/\/drive.google.com\/drive\/folders\/185n74wfeK8b-iLvGqD1O5sA3_62btbo5\" rel=\"noopener\" target=\"_blank\">Pr\u00f3tesis I<\/a><br \/>\n<a href=\"https:\/\/drive.google.com\/drive\/folders\/1j_BgV5XC816rLHBNuBIhZEXps9XDTWhI\" rel=\"noopener\" target=\"_blank\">Oclusi\u00f3n I<\/a><br \/>\n<a href=\"https:\/\/drive.google.com\/drive\/folders\/1VsJnSr1br-K6bU6TteSTpexcDYwqfA5s\" rel=\"noopener\" target=\"_blank\">Diagn\u00f3stico II<\/a><\/ul>\n<ol>\nCUARTO A\u00d1O<\/ol>\n<ul>\n<a href=\"https:\/\/drive.google.com\/drive\/folders\/1fZB5V4ysPU1JIfU8k3UAvzCNowFpxw52\" rel=\"noopener\" target=\"_blank\">Patolog\u00eda II<\/a><br \/>\n<a href=\"https:\/\/drive.google.com\/drive\/folders\/1DZN4Hi9cp84q2mPeqq4H3LFYymD8_v0g\" rel=\"noopener\" target=\"_blank\">Cirug\u00eda y Farmacolog\u00eda II<\/a><br \/>\n<a href=\"https:\/\/drive.google.com\/drive\/folders\/1DrXyNAipR7BNa6hxhxMukSlKyWe-azN4\" rel=\"noopener\" target=\"_blank\">Odontopediatr\u00eda<\/a><br \/>\n<a href=\"https:\/\/drive.google.com\/drive\/folders\/1Un_ST_J8qPQBxsAdSxFkPKzoie8YiwfT\" rel=\"noopener\" target=\"_blank\">Odontolog\u00eda Preventiva y Social II<\/a><br \/>\n<a href=\"https:\/\/drive.google.com\/drive\/folders\/1sZA9N1QE6MysULoFq0D_S04Px_mlf_4b\" rel=\"noopener\" target=\"_blank\">Operatoria Dental II<\/a><br \/>\n<a href=\"https:\/\/drive.google.com\/drive\/folders\/1Y6RYrvGKL5Qu1jvLa3a5qr6iHhvP8lQj\" rel=\"noopener\" target=\"_blank\">Pr\u00f3tesis II<\/a><br \/>\n<a href=\"https:\/\/drive.google.com\/drive\/folders\/1jIqmvhcCjrEMf1ssnXk5FcCBMjE5kObE\" rel=\"noopener\" target=\"_blank\">Diagn\u00f3stico III<\/a><br \/>\n<a href=\"https:\/\/drive.google.com\/drive\/folders\/1SF46ZFJtFVM3mlhhGyySqaXsyRniBvj6\" rel=\"noopener\" target=\"_blank\">Endodoncia<\/a><br \/>\n<a href=\"https:\/\/drive.google.com\/drive\/folders\/1sbMBnwslufmd8GBNtT21yCN9BtALc2lY\" rel=\"noopener\" target=\"_blank\">Oclusi\u00f3n II<\/a><\/ul>\n<ol>\nQUINTO A\u00d1O<\/ol>\n<ul>\n<a href=\"https:\/\/drive.google.com\/drive\/folders\/1U0znwZ_rJmAZed0qI9Plf454hKGW6yKr\" rel=\"noopener\" target=\"_blank\">Pr\u00f3tesis III (Removible)<\/a><br \/>\n<a href=\"https:\/\/drive.google.com\/drive\/folders\/1yo4vNOMb2V6nZi5h115z3BSNs9LafLV5\" rel=\"noopener\" target=\"_blank\">Biomateriales<\/a><br \/>\n<a href=\"https:\/\/drive.google.com\/drive\/folders\/1zsGRdWm-H1UBFcBkn-GTxvreEW99PFdw\" rel=\"noopener\" target=\"_blank\">Cl\u00ednica Estomatol\u00f3gica<\/a><br \/>\n<a href=\"https:\/\/drive.google.com\/drive\/folders\/1L1Of7NuEPE1xcGACKl8reHXFelmnJMDy\" rel=\"noopener\" target=\"_blank\">Cirug\u00eda y Farmacolog\u00eda III<\/a><br \/>\n<a href=\"https:\/\/drive.google.com\/drive\/folders\/156LPUabCKp6UOavPB_h_ImmC5VvXGKC2\" rel=\"noopener\" target=\"_blank\">Restaurativa<\/a><br \/>\n<a href=\"https:\/\/drive.google.com\/drive\/folders\/1Fa73aZNigWh9ECO1c97sH55MPOvF1BFc\" rel=\"noopener\" target=\"_blank\">Odontolog\u00eda Preventiva y Social III<\/a><\/ul>\n<ol>\nSEXTO A\u00d1O<\/ol>\n<ul>\n<a href=\"https:\/\/drive.google.com\/drive\/folders\/1oMKaWVYfEBLz979RNRLmya82hLqlTiPL\" rel=\"noopener\" target=\" _blank\">Administraci\u00f3n de Consultorio<\/a><br \/>\n<a href=\"https:\/\/drive.google.com\/drive\/folders\/1nIvxSPowkMZfBcVpYVrpY472AmKVzdHJ\" rel=\"noopener\" target=\" _blank\">Actividad Cl\u00ednica Integrada<\/a><br \/>\n<a href=\"https:\/\/drive.google.com\/drive\/folders\/1-T7AwXcj__RdO6U9tDHTdap3rFd90KxT\" rel=\"noopener\" target=\" _blank\">Investigaci\u00f3n \u00danica en el Programa de E.P.S.<\/a><br \/>\n<a href=\"https:\/\/drive.google.com\/drive\/folders\/1p5Wl-4_BnvQz8IuiqeuTXs79J55-8Tl2\" rel=\"noopener\" target=\"_blank\">Seminarios Regionales y Educaci\u00f3n a Distancia<\/a><br \/>\n<a href=\"https:\/\/drive.google.com\/drive\/folders\/1BqAMsBWOVzHAshbK02MLCdK5BdjLvK-Z\" rel=\"noopener\" target=\"_blank\">Prevenci\u00f3n de Enfermedades Bucales<\/a><br \/>\n<a href=\"https:\/\/drive.google.com\/drive\/folders\/1dYdUbAw-aMoEiKczq610gNIe62x_tv_4\" rel=\"noopener\" target=\"_blank\">Actividades Comunitarias<\/a><\/ul>\n<ol>\nCURSO DE ASISTENTES DENTALES<\/ol>\n<ul>\n<a href=\"https:\/\/drive.google.com\/drive\/folders\/13WzmWQL-RL-37RgBNUjxuRkHL8ELSNLI\" rel=\"noopener\" target=\"_blank\">Cohorte 2020-2021<\/a><br \/>\n<a href=\"https:\/\/drive.google.com\/drive\/folders\/13WzmWQL-RL-37RgBNUjxuRkHL8ELSNLI\" rel=\"noopener\" target=\"_blank\">Cohorte 2019-2020<\/a><\/ul>\n","protected":false},"excerpt":{"rendered":"<p>PRIMER A\u00d1O Biolog\u00eda Qu\u00edmica Histolog\u00eda General Estad\u00edstica B\u00e1sica F\u00edsica\/ Matem\u00e1tica Anatom\u00eda Humana Comunicaci\u00f3n y Redacci\u00f3n Cient\u00edfica SEGUNDO A\u00d1O Morfolog\u00eda y Anatom\u00eda Dental Bioqu\u00edmica Bioestad\u00edstica Materiales Dentales \u00c9tica y Derechos Humanos Microbiolog\u00eda General Diagnostico I Fisiolog\u00eda Humana TERCER A\u00d1O Patolog\u00eda I Cirug\u00eda y Farmacolog\u00eda I Periodoncia I Odontolog\u00eda Preventiva y Social I Operatoria Dental I Pr\u00f3tesis [&hellip;]<\/p>\n","protected":false},"author":2,"featured_media":0,"parent":0,"menu_order":0,"comment_status":"closed","ping_status":"closed","template":"","meta":{"footnotes":""},"_links":{"self":[{"href":"https:\/\/odontologia.usac.edu.gt\/index.php?rest_route=\/wp\/v2\/pages\/396"}],"collection":[{"href":"https:\/\/odontologia.usac.edu.gt\/index.php?rest_route=\/wp\/v2\/pages"}],"about":[{"href":"https:\/\/odontologia.usac.edu.gt\/index.php?rest_route=\/wp\/v2\/types\/page"}],"author":[{"embeddable":true,"href":"https:\/\/odontologia.usac.edu.gt\/index.php?rest_route=\/wp\/v2\/users\/2"}],"replies":[{"embeddable":true,"href":"https:\/\/odontologia.usac.edu.gt\/index.php?rest_route=%2Fwp%2Fv2%2Fcomments&post=396"}],"version-history":[{"count":12,"href":"https:\/\/odontologia.usac.edu.gt\/index.php?rest_route=\/wp\/v2\/pages\/396\/revisions"}],"predecessor-version":[{"id":444,"href":"https:\/\/odontologia.usac.edu.gt\/index.php?rest_route=\/wp\/v2\/pages\/396\/revisions\/444"}],"wp:attachment":[{"href":"https:\/\/odontologia.usac.edu.gt\/index.php?rest_route=%2Fwp%2Fv2%2Fmedia&parent=396"}],"curies":[{"name":"wp","href":"https:\/\/api.w.org\/{rel}","templated":true}]}}