{"id":511,"date":"2023-09-27T08:42:14","date_gmt":"2023-09-27T14:42:14","guid":{"rendered":"https:\/\/odontologia.usac.edu.gt\/?page_id=511"},"modified":"2023-09-29T10:12:46","modified_gmt":"2023-09-29T16:12:46","slug":"objetivo-general","status":"publish","type":"page","link":"https:\/\/odontologia.usac.edu.gt\/?page_id=511","title":{"rendered":"Objetivo General"},"content":{"rendered":"\n<p>Proporcionar las condiciones adecuadas para que el estudiante obtenga los conocimientos y desarrolle habilidades intelectuales y psicomotoras, h\u00e1bitos y actitudes esenciales para el ejercicio de una estomatolog\u00eda t\u00e9cnica, cient\u00edfica, \u00e9tica y socialmente adecuada para Guatemala. Asimismo, proveer al estudiante de Odontolog\u00eda, los insumos y condiciones necesarias para la adquisici\u00f3n de habilidades y destrezas necesarias en su formaci\u00f3n profesional, haciendo uso adecuado y pertinente de los avances tecnol\u00f3gicos a su alcance y teniendo en cuenta las nuevas tendencias en el campo odontol\u00f3gico.<\/p>\n","protected":false},"excerpt":{"rendered":"<p>Proporcionar las condiciones adecuadas para que el estudiante obtenga los conocimientos y desarrolle habilidades intelectuales y psicomotoras, h\u00e1bitos y actitudes esenciales para el ejercicio de una estomatolog\u00eda t\u00e9cnica, cient\u00edfica, \u00e9tica y socialmente adecuada para Guatemala. Asimismo, proveer al estudiante de Odontolog\u00eda, los insumos y condiciones necesarias para la adquisici\u00f3n de habilidades y destrezas necesarias en [&hellip;]<\/p>\n","protected":false},"author":1,"featured_media":0,"parent":0,"menu_order":0,"comment_status":"closed","ping_status":"closed","template":"","meta":{"footnotes":""},"_links":{"self":[{"href":"https:\/\/odontologia.usac.edu.gt\/index.php?rest_route=\/wp\/v2\/pages\/511"}],"collection":[{"href":"https:\/\/odontologia.usac.edu.gt\/index.php?rest_route=\/wp\/v2\/pages"}],"about":[{"href":"https:\/\/odontologia.usac.edu.gt\/index.php?rest_route=\/wp\/v2\/types\/page"}],"author":[{"embeddable":true,"href":"https:\/\/odontologia.usac.edu.gt\/index.php?rest_route=\/wp\/v2\/users\/1"}],"replies":[{"embeddable":true,"href":"https:\/\/odontologia.usac.edu.gt\/index.php?rest_route=%2Fwp%2Fv2%2Fcomments&post=511"}],"version-history":[{"count":2,"href":"https:\/\/odontologia.usac.edu.gt\/index.php?rest_route=\/wp\/v2\/pages\/511\/revisions"}],"predecessor-version":[{"id":525,"href":"https:\/\/odontologia.usac.edu.gt\/index.php?rest_route=\/wp\/v2\/pages\/511\/revisions\/525"}],"wp:attachment":[{"href":"https:\/\/odontologia.usac.edu.gt\/index.php?rest_route=%2Fwp%2Fv2%2Fmedia&parent=511"}],"curies":[{"name":"wp","href":"https:\/\/api.w.org\/{rel}","templated":true}]}}