{"id":515,"date":"2023-09-27T08:43:14","date_gmt":"2023-09-27T14:43:14","guid":{"rendered":"https:\/\/odontologia.usac.edu.gt\/?page_id=515"},"modified":"2023-09-27T08:43:14","modified_gmt":"2023-09-27T14:43:14","slug":"estructura-organizativa","status":"publish","type":"page","link":"https:\/\/odontologia.usac.edu.gt\/?page_id=515","title":{"rendered":"Estructura Organizativa"},"content":{"rendered":"\n<p>Para la consecuci\u00f3n de sus fines y objetivos, la Facultad de Odontolog\u00eda de la Universidad de San Carlos de Guatemala, se encuentra estructurada de manera l\u00f3gica y ordenada a fin de dar fluidez y orden al proceso de formaci\u00f3n de los estudiantes tanto a nivel de pre grado como de post grado.<\/p>\n\n\n\n<p>Para llegar a la estructura organizativa que prevalece a la fecha, la Facultad de Odontolog\u00eda ha atravesado un interesante proceso de consolidaci\u00f3n en el que ha integrado a su estructura una serie de elementos que le confieren solidez, versatilidad e integralidad, tanto en el campo administrativo como en el acad\u00e9mico, convirti\u00e9ndose en una facultad s\u00f3lida y pionera en la educaci\u00f3n superior en el campo de la Estomatolog\u00eda, lo que ha dado prestigio y respaldo a la formaci\u00f3n de sus estudiantes.<\/p>\n\n\n\n<p>La forma b\u00e1sica de organizaci\u00f3n de la facultad est\u00e1 dada por la estructura conocida como UNIDAD, que para fines de aplicabilidad se define como la instancia docente administrativa que re\u00fane a profesores y personal administrativo que comparten fines y objetivos comunes en relaci\u00f3n con una<\/p>\n\n\n\n<p>tem\u00e1tica de determinada disciplina. De ella puede derivarse seg\u00fan la naturaleza de sus contenidos program\u00e1ticos, otra figura organizativa interna conocida DEPARTAMENTO, que es la estructura administrativa que aglutina lo concerniente a una tem\u00e1tica espec\u00edfica o estrechamente relacionada con una especialidad de la Odontolog\u00eda. Cada departamento comprende como parte de su organizaci\u00f3n los denominados CURSOS, que dependiendo de la extensi\u00f3n de la tem\u00e1tica a tratar pueden ser impartidos en uno o varios a\u00f1os de la carrera y por lo tanto pueden ser uno o varios. Cada uno de los elementos que conforman esta estructura se encuentra arm\u00f3nicamente ensamblados y entrelazados en su representaci\u00f3n organizacional conocida como ORGANIGRAMA GENERAL que sit\u00faa cada uno de sus componentes y lo operativiza dentro de un marco de referencia que determina su proyecci\u00f3n y funcionamiento. La ubicaci\u00f3n estrat\u00e9gica de cada uno de sus componentes es lo que le confiere la solidez que como unidad acad\u00e9mica la ha destacado en el ambiente universitario.<\/p>\n","protected":false},"excerpt":{"rendered":"<p>Para la consecuci\u00f3n de sus fines y objetivos, la Facultad de Odontolog\u00eda de la Universidad de San Carlos de Guatemala, se encuentra estructurada de manera l\u00f3gica y ordenada a fin de dar fluidez y orden al proceso de formaci\u00f3n de los estudiantes tanto a nivel de pre grado como de post grado. Para llegar a [&hellip;]<\/p>\n","protected":false},"author":1,"featured_media":0,"parent":0,"menu_order":0,"comment_status":"closed","ping_status":"closed","template":"","meta":{"footnotes":""},"_links":{"self":[{"href":"https:\/\/odontologia.usac.edu.gt\/index.php?rest_route=\/wp\/v2\/pages\/515"}],"collection":[{"href":"https:\/\/odontologia.usac.edu.gt\/index.php?rest_route=\/wp\/v2\/pages"}],"about":[{"href":"https:\/\/odontologia.usac.edu.gt\/index.php?rest_route=\/wp\/v2\/types\/page"}],"author":[{"embeddable":true,"href":"https:\/\/odontologia.usac.edu.gt\/index.php?rest_route=\/wp\/v2\/users\/1"}],"replies":[{"embeddable":true,"href":"https:\/\/odontologia.usac.edu.gt\/index.php?rest_route=%2Fwp%2Fv2%2Fcomments&post=515"}],"version-history":[{"count":1,"href":"https:\/\/odontologia.usac.edu.gt\/index.php?rest_route=\/wp\/v2\/pages\/515\/revisions"}],"predecessor-version":[{"id":516,"href":"https:\/\/odontologia.usac.edu.gt\/index.php?rest_route=\/wp\/v2\/pages\/515\/revisions\/516"}],"wp:attachment":[{"href":"https:\/\/odontologia.usac.edu.gt\/index.php?rest_route=%2Fwp%2Fv2%2Fmedia&parent=515"}],"curies":[{"name":"wp","href":"https:\/\/api.w.org\/{rel}","templated":true}]}}